{"id":2,"date":"2016-05-10T03:48:21","date_gmt":"2016-05-10T03:48:21","guid":{"rendered":"http:\/\/airfield-truckfest.de\/?page_id=2"},"modified":"2022-05-30T13:56:31","modified_gmt":"2022-05-30T12:56:31","slug":"sample-page","status":"publish","type":"page","link":"https:\/\/www.airfield-truckfest.de\/","title":{"rendered":"Startseite"},"content":{"rendered":"\t\t<div data-elementor-type=\"wp-page\" data-elementor-id=\"2\" class=\"elementor elementor-2\">\n\t\t\t\t\t\t<div class=\"elementor-inner\">\n\t\t\t\t<div class=\"elementor-section-wrap\">\n\t\t\t\t\t\t\t\t\t<section class=\"elementor-section elementor-top-section elementor-element elementor-element-282a71d elementor-section-boxed elementor-section-height-default elementor-section-height-default\" data-id=\"282a71d\" data-element_type=\"section\">\n\t\t\t\t\t\t<div class=\"elementor-container elementor-column-gap-default\">\n\t\t\t\t\t\t\t<div class=\"elementor-row\">\n\t\t\t\t\t<div class=\"elementor-column elementor-col-100 elementor-top-column elementor-element elementor-element-20459af\" data-id=\"20459af\" data-element_type=\"column\">\n\t\t\t<div class=\"elementor-column-wrap elementor-element-populated\">\n\t\t\t\t\t\t\t<div class=\"elementor-widget-wrap\">\n\t\t\t\t\t\t<div class=\"elementor-element elementor-element-d53c8e1 elementor-widget elementor-widget-heading\" data-id=\"d53c8e1\" data-element_type=\"widget\" data-settings=\"{&quot;ekit_we_effect_on&quot;:&quot;none&quot;}\" data-widget_type=\"heading.default\">\n\t\t\t\t<div class=\"elementor-widget-container\">\n\t\t\t<h1 class=\"elementor-heading-title elementor-size-xl\">Hallo Truckfans<\/h1>\t\t<\/div>\n\t\t\t\t<\/div>\n\t\t\t\t<div class=\"elementor-element elementor-element-1bd8bca elementor-widget elementor-widget-heading\" data-id=\"1bd8bca\" data-element_type=\"widget\" data-settings=\"{&quot;ekit_we_effect_on&quot;:&quot;none&quot;}\" data-widget_type=\"heading.default\">\n\t\t\t\t<div class=\"elementor-widget-container\">\n\t\t\t<p class=\"elementor-heading-title elementor-size-default\">Liebe Truckfans,\n \ndas Truckfest 2022 findet vom 12.08 - 14.08.22 statt. \n\nBei Fragen nutzt bitte unser Kontaktformular.\n\nBleibt gesund\u2026\n\nEuer Orga Team\n<\/p>\t\t<\/div>\n\t\t\t\t<\/div>\n\t\t\t\t<div class=\"elementor-element elementor-element-8403aa3 elementor-widget elementor-widget-heading\" data-id=\"8403aa3\" data-element_type=\"widget\" data-settings=\"{&quot;ekit_we_effect_on&quot;:&quot;none&quot;}\" data-widget_type=\"heading.default\">\n\t\t\t\t<div class=\"elementor-widget-container\">\n\t\t\t<h1 class=\"elementor-heading-title elementor-size-xl\">Fr. 12.08.2022 - So 14.08.2022<\/h1>\t\t<\/div>\n\t\t\t\t<\/div>\n\t\t\t\t<div class=\"elementor-element elementor-element-24131ba elementor-widget elementor-widget-exhibz-countdown\" data-id=\"24131ba\" data-element_type=\"widget\" data-settings=\"{&quot;ekit_we_effect_on&quot;:&quot;none&quot;}\" data-widget_type=\"exhibz-countdown.default\">\n\t\t\t\t<div class=\"elementor-widget-container\">\n\t\t\t      \n        \n        <div class=\"ts-count-down\">\n            <div class=\"countdown etn-countdown-wrap\" data-start-date=\"12 Aug 2022 11:00:00\">\n\n                <div class=\"counter-item etn-count-item etn-days\">\n                    <span class=\"countdown-number day-count days\"> 00 <\/span>\n                    <div class=\"smalltext\"> Days <\/div>\n                    <b>:<\/b>\n                <\/div>\n               \n                <div class=\"counter-item etn-count-item etn-hours\">\n                    <span class=\"countdown-number hr-count hours\">00<\/span>\n                    <div class=\"smalltext\">Hours<\/div>\n                    <b>:<\/b>\n                <\/div>\n               \n                <div class=\"counter-item etn-count-item etn-minutes\">\n                    <span class=\"countdown-number min-count minutes\">00<\/span>\n                    <div class=\"smalltext\">Minutes<\/div>\n                    <b>:<\/b>\n                <\/div>\n                \n                <div class=\"counter-item etn-count-item etn-seconds\">\n                    <span class=\"countdown-number sec-count seconds\">00<\/span>\n                    <div class=\"smalltext\">Seconds<\/div>\n                <\/div>\n            <\/div>\n        <\/div>\n       \n      \n\n    \t\t<\/div>\n\t\t\t\t<\/div>\n\t\t\t\t<div class=\"elementor-element elementor-element-cd8f579 elementor-widget elementor-widget-spacer\" data-id=\"cd8f579\" data-element_type=\"widget\" data-settings=\"{&quot;ekit_we_effect_on&quot;:&quot;none&quot;}\" data-widget_type=\"spacer.default\">\n\t\t\t\t<div class=\"elementor-widget-container\">\n\t\t\t\t\t<div class=\"elementor-spacer\">\n\t\t\t<div class=\"elementor-spacer-inner\"><\/div>\n\t\t<\/div>\n\t\t\t\t<\/div>\n\t\t\t\t<\/div>\n\t\t\t\t<div class=\"elementor-element elementor-element-497e434 elementor-align-center elementor-widget elementor-widget-button\" data-id=\"497e434\" data-element_type=\"widget\" data-settings=\"{&quot;ekit_we_effect_on&quot;:&quot;none&quot;}\" data-widget_type=\"button.default\">\n\t\t\t\t<div class=\"elementor-widget-container\">\n\t\t\t\t\t<div class=\"elementor-button-wrapper\">\n\t\t\t<a href=\"https:\/\/www.airfield-truckfest.de\/?page_id=57\" class=\"elementor-button-link elementor-button elementor-size-xl\" role=\"button\">\n\t\t\t\t\t\t<span class=\"elementor-button-content-wrapper\">\n\t\t\t\t\t\t\t<span class=\"elementor-button-icon elementor-align-icon-left\">\n\t\t\t\t<svg aria-hidden=\"true\" class=\"e-font-icon-svg e-far-edit\"><use xlink:href=\"#far-edit\" \/><\/svg>\t\t\t<\/span>\n\t\t\t\t\t\t<span class=\"elementor-button-text\">TICKETS BESTELLEN<\/span>\n\t\t<\/span>\n\t\t\t\t\t<\/a>\n\t\t<\/div>\n\t\t\t\t<\/div>\n\t\t\t\t<\/div>\n\t\t\t\t\t\t<\/div>\n\t\t\t\t\t<\/div>\n\t\t<\/div>\n\t\t\t\t\t\t\t\t<\/div>\n\t\t\t\t\t<\/div>\n\t\t<\/section>\n\t\t\t\t<section class=\"elementor-section elementor-top-section elementor-element elementor-element-3f2b4b6 elementor-section-boxed elementor-section-height-default elementor-section-height-default\" data-id=\"3f2b4b6\" data-element_type=\"section\">\n\t\t\t\t\t\t<div class=\"elementor-container elementor-column-gap-default\">\n\t\t\t\t\t\t\t<div class=\"elementor-row\">\n\t\t\t\t\t<div class=\"elementor-column elementor-col-100 elementor-top-column elementor-element elementor-element-e2132e8\" data-id=\"e2132e8\" data-element_type=\"column\">\n\t\t\t<div class=\"elementor-column-wrap elementor-element-populated\">\n\t\t\t\t\t\t\t<div class=\"elementor-widget-wrap\">\n\t\t\t\t\t\t<div class=\"elementor-element elementor-element-ec70de5 elementor-widget elementor-widget-spacer\" data-id=\"ec70de5\" data-element_type=\"widget\" data-settings=\"{&quot;ekit_we_effect_on&quot;:&quot;none&quot;}\" data-widget_type=\"spacer.default\">\n\t\t\t\t<div class=\"elementor-widget-container\">\n\t\t\t\t\t<div class=\"elementor-spacer\">\n\t\t\t<div class=\"elementor-spacer-inner\"><\/div>\n\t\t<\/div>\n\t\t\t\t<\/div>\n\t\t\t\t<\/div>\n\t\t\t\t\t\t<\/div>\n\t\t\t\t\t<\/div>\n\t\t<\/div>\n\t\t\t\t\t\t\t\t<\/div>\n\t\t\t\t\t<\/div>\n\t\t<\/section>\n\t\t\t\t<section class=\"elementor-section elementor-top-section elementor-element elementor-element-b8af165 elementor-section-boxed elementor-section-height-default elementor-section-height-default\" data-id=\"b8af165\" data-element_type=\"section\">\n\t\t\t\t\t\t<div class=\"elementor-container elementor-column-gap-default\">\n\t\t\t\t\t\t\t<div class=\"elementor-row\">\n\t\t\t\t\t<div class=\"elementor-column elementor-col-100 elementor-top-column elementor-element elementor-element-223f8d9\" data-id=\"223f8d9\" data-element_type=\"column\">\n\t\t\t<div class=\"elementor-column-wrap elementor-element-populated\">\n\t\t\t\t\t\t\t<div class=\"elementor-widget-wrap\">\n\t\t\t\t\t\t<div class=\"elementor-element elementor-element-e3bbe2f elementor-widget elementor-widget-heading\" data-id=\"e3bbe2f\" data-element_type=\"widget\" data-settings=\"{&quot;ekit_we_effect_on&quot;:&quot;none&quot;}\" data-widget_type=\"heading.default\">\n\t\t\t\t<div class=\"elementor-widget-container\">\n\t\t\t<h1 class=\"elementor-heading-title elementor-size-medium\">Das 2. Airfield Truckfest vom\n12.08-14.08.2022 in Zweibr\u00fccken wird pr\u00e4sentiert mit freundlicher Unterst\u00fctzung von:<\/h1>\t\t<\/div>\n\t\t\t\t<\/div>\n\t\t\t\t\t\t<\/div>\n\t\t\t\t\t<\/div>\n\t\t<\/div>\n\t\t\t\t\t\t\t\t<\/div>\n\t\t\t\t\t<\/div>\n\t\t<\/section>\n\t\t\t\t<section class=\"elementor-section elementor-top-section elementor-element elementor-element-74e8b01 elementor-section-content-middle elementor-section-boxed elementor-section-height-default elementor-section-height-default\" data-id=\"74e8b01\" data-element_type=\"section\">\n\t\t\t\t\t\t<div class=\"elementor-container elementor-column-gap-default\">\n\t\t\t\t\t\t\t<div class=\"elementor-row\">\n\t\t\t\t\t<div class=\"elementor-column elementor-col-20 elementor-top-column elementor-element elementor-element-3e970de\" data-id=\"3e970de\" data-element_type=\"column\">\n\t\t\t<div class=\"elementor-column-wrap elementor-element-populated\">\n\t\t\t\t\t\t\t<div class=\"elementor-widget-wrap\">\n\t\t\t\t\t\t<div class=\"elementor-element elementor-element-d5ae136 elementor-widget elementor-widget-image\" data-id=\"d5ae136\" data-element_type=\"widget\" data-settings=\"{&quot;ekit_we_effect_on&quot;:&quot;none&quot;}\" data-widget_type=\"image.default\">\n\t\t\t\t<div class=\"elementor-widget-container\">\n\t\t\t\t\t\t\t\t<div class=\"elementor-image\">\n\t\t\t\t\t\t\t\t\t\t\t\t\t<a href=\"https:\/\/www.elkawe-guterl.de\/\" target=\"_blank\" rel=\"nofollow\">\n\t\t\t\t\t\t\t<img width=\"706\" height=\"202\" src=\"https:\/\/www.airfield-truckfest.de\/wp-content\/uploads\/2020\/02\/Guterl-Logo4.png\" class=\"attachment-large size-large\" alt=\"\" loading=\"lazy\" srcset=\"https:\/\/www.airfield-truckfest.de\/wp-content\/uploads\/2020\/02\/Guterl-Logo4.png 706w, https:\/\/www.airfield-truckfest.de\/wp-content\/uploads\/2020\/02\/Guterl-Logo4-600x172.png 600w, https:\/\/www.airfield-truckfest.de\/wp-content\/uploads\/2020\/02\/Guterl-Logo4-300x86.png 300w\" sizes=\"(max-width: 706px) 100vw, 706px\" \/>\t\t\t\t\t\t\t\t<\/a>\n\t\t\t\t\t\t\t\t\t\t\t\t\t\t<\/div>\n\t\t\t\t\t\t<\/div>\n\t\t\t\t<\/div>\n\t\t\t\t\t\t<\/div>\n\t\t\t\t\t<\/div>\n\t\t<\/div>\n\t\t\t\t<div class=\"elementor-column elementor-col-20 elementor-top-column elementor-element elementor-element-f7eac24\" data-id=\"f7eac24\" data-element_type=\"column\">\n\t\t\t<div class=\"elementor-column-wrap elementor-element-populated\">\n\t\t\t\t\t\t\t<div class=\"elementor-widget-wrap\">\n\t\t\t\t\t\t<div class=\"elementor-element elementor-element-99db8f3 elementor-widget elementor-widget-image\" data-id=\"99db8f3\" data-element_type=\"widget\" data-settings=\"{&quot;ekit_we_effect_on&quot;:&quot;none&quot;}\" data-widget_type=\"image.default\">\n\t\t\t\t<div class=\"elementor-widget-container\">\n\t\t\t\t\t\t\t\t<div class=\"elementor-image\">\n\t\t\t\t\t\t\t\t\t\t\t\t\t<a href=\"https:\/\/www.koegel.com\/de\/\" target=\"_blank\" rel=\"nofollow\">\n\t\t\t\t\t\t\t<img width=\"800\" height=\"278\" src=\"https:\/\/www.airfield-truckfest.de\/wp-content\/uploads\/2020\/02\/Koegel.png\" class=\"attachment-large size-large\" alt=\"\" loading=\"lazy\" srcset=\"https:\/\/www.airfield-truckfest.de\/wp-content\/uploads\/2020\/02\/Koegel.png 900w, https:\/\/www.airfield-truckfest.de\/wp-content\/uploads\/2020\/02\/Koegel-600x209.png 600w, https:\/\/www.airfield-truckfest.de\/wp-content\/uploads\/2020\/02\/Koegel-300x104.png 300w, https:\/\/www.airfield-truckfest.de\/wp-content\/uploads\/2020\/02\/Koegel-768x267.png 768w\" sizes=\"(max-width: 800px) 100vw, 800px\" \/>\t\t\t\t\t\t\t\t<\/a>\n\t\t\t\t\t\t\t\t\t\t\t\t\t\t<\/div>\n\t\t\t\t\t\t<\/div>\n\t\t\t\t<\/div>\n\t\t\t\t\t\t<\/div>\n\t\t\t\t\t<\/div>\n\t\t<\/div>\n\t\t\t\t<div class=\"elementor-column elementor-col-20 elementor-top-column elementor-element elementor-element-c86dc72\" data-id=\"c86dc72\" data-element_type=\"column\">\n\t\t\t<div class=\"elementor-column-wrap elementor-element-populated\">\n\t\t\t\t\t\t\t<div class=\"elementor-widget-wrap\">\n\t\t\t\t\t\t<div class=\"elementor-element elementor-element-ed37dda elementor-widget elementor-widget-image\" data-id=\"ed37dda\" data-element_type=\"widget\" data-settings=\"{&quot;ekit_we_effect_on&quot;:&quot;none&quot;}\" data-widget_type=\"image.default\">\n\t\t\t\t<div class=\"elementor-widget-container\">\n\t\t\t\t\t\t\t\t<div class=\"elementor-image\">\n\t\t\t\t\t\t\t\t\t\t\t\t\t<a href=\"https:\/\/www.iveco-sued-west.de\" target=\"_blank\" rel=\"nofollow\">\n\t\t\t\t\t\t\t<img width=\"800\" height=\"263\" src=\"https:\/\/www.airfield-truckfest.de\/wp-content\/uploads\/2020\/02\/IVECO_sudwest.png\" class=\"attachment-large size-large\" alt=\"\" loading=\"lazy\" srcset=\"https:\/\/www.airfield-truckfest.de\/wp-content\/uploads\/2020\/02\/IVECO_sudwest.png 900w, https:\/\/www.airfield-truckfest.de\/wp-content\/uploads\/2020\/02\/IVECO_sudwest-600x197.png 600w, https:\/\/www.airfield-truckfest.de\/wp-content\/uploads\/2020\/02\/IVECO_sudwest-300x99.png 300w, https:\/\/www.airfield-truckfest.de\/wp-content\/uploads\/2020\/02\/IVECO_sudwest-768x253.png 768w\" sizes=\"(max-width: 800px) 100vw, 800px\" \/>\t\t\t\t\t\t\t\t<\/a>\n\t\t\t\t\t\t\t\t\t\t\t\t\t\t<\/div>\n\t\t\t\t\t\t<\/div>\n\t\t\t\t<\/div>\n\t\t\t\t\t\t<\/div>\n\t\t\t\t\t<\/div>\n\t\t<\/div>\n\t\t\t\t<div class=\"elementor-column elementor-col-20 elementor-top-column elementor-element elementor-element-6ee7275\" data-id=\"6ee7275\" data-element_type=\"column\">\n\t\t\t<div class=\"elementor-column-wrap elementor-element-populated\">\n\t\t\t\t\t\t\t<div class=\"elementor-widget-wrap\">\n\t\t\t\t\t\t<div class=\"elementor-element elementor-element-47bdec4 elementor-widget elementor-widget-image\" data-id=\"47bdec4\" data-element_type=\"widget\" data-settings=\"{&quot;ekit_we_effect_on&quot;:&quot;none&quot;}\" data-widget_type=\"image.default\">\n\t\t\t\t<div class=\"elementor-widget-container\">\n\t\t\t\t\t\t\t\t<div class=\"elementor-image\">\n\t\t\t\t\t\t\t\t\t\t\t\t\t<a href=\"https:\/\/becker-maurer.de\/\" target=\"_blank\" rel=\"nofollow\">\n\t\t\t\t\t\t\t<img width=\"800\" height=\"583\" src=\"https:\/\/www.airfield-truckfest.de\/wp-content\/uploads\/2020\/04\/logo_bm.png\" class=\"attachment-large size-large\" alt=\"Becker &amp; Maure\" loading=\"lazy\" srcset=\"https:\/\/www.airfield-truckfest.de\/wp-content\/uploads\/2020\/04\/logo_bm.png 900w, https:\/\/www.airfield-truckfest.de\/wp-content\/uploads\/2020\/04\/logo_bm-600x437.png 600w, https:\/\/www.airfield-truckfest.de\/wp-content\/uploads\/2020\/04\/logo_bm-300x219.png 300w, https:\/\/www.airfield-truckfest.de\/wp-content\/uploads\/2020\/04\/logo_bm-768x560.png 768w\" sizes=\"(max-width: 800px) 100vw, 800px\" \/>\t\t\t\t\t\t\t\t<\/a>\n\t\t\t\t\t\t\t\t\t\t\t\t\t\t<\/div>\n\t\t\t\t\t\t<\/div>\n\t\t\t\t<\/div>\n\t\t\t\t\t\t<\/div>\n\t\t\t\t\t<\/div>\n\t\t<\/div>\n\t\t\t\t<div class=\"elementor-column elementor-col-20 elementor-top-column elementor-element elementor-element-5f50ba7\" data-id=\"5f50ba7\" data-element_type=\"column\">\n\t\t\t<div class=\"elementor-column-wrap elementor-element-populated\">\n\t\t\t\t\t\t\t<div class=\"elementor-widget-wrap\">\n\t\t\t\t\t\t<div class=\"elementor-element elementor-element-3d50832 elementor-widget elementor-widget-image\" data-id=\"3d50832\" data-element_type=\"widget\" data-settings=\"{&quot;ekit_we_effect_on&quot;:&quot;none&quot;}\" data-widget_type=\"image.default\">\n\t\t\t\t<div class=\"elementor-widget-container\">\n\t\t\t\t\t\t\t\t<div class=\"elementor-image\">\n\t\t\t\t\t\t\t\t\t\t\t\t\t<a href=\"https:\/\/www.winkler.de\" target=\"_blank\" rel=\"nofollow\">\n\t\t\t\t\t\t\t<img width=\"800\" height=\"462\" src=\"https:\/\/www.airfield-truckfest.de\/wp-content\/uploads\/2020\/04\/winkler_logo.png\" class=\"attachment-large size-large\" alt=\"\" loading=\"lazy\" srcset=\"https:\/\/www.airfield-truckfest.de\/wp-content\/uploads\/2020\/04\/winkler_logo.png 900w, https:\/\/www.airfield-truckfest.de\/wp-content\/uploads\/2020\/04\/winkler_logo-600x347.png 600w, https:\/\/www.airfield-truckfest.de\/wp-content\/uploads\/2020\/04\/winkler_logo-300x173.png 300w, https:\/\/www.airfield-truckfest.de\/wp-content\/uploads\/2020\/04\/winkler_logo-768x444.png 768w\" sizes=\"(max-width: 800px) 100vw, 800px\" \/>\t\t\t\t\t\t\t\t<\/a>\n\t\t\t\t\t\t\t\t\t\t\t\t\t\t<\/div>\n\t\t\t\t\t\t<\/div>\n\t\t\t\t<\/div>\n\t\t\t\t\t\t<\/div>\n\t\t\t\t\t<\/div>\n\t\t<\/div>\n\t\t\t\t\t\t\t\t<\/div>\n\t\t\t\t\t<\/div>\n\t\t<\/section>\n\t\t\t\t<section class=\"elementor-section elementor-top-section elementor-element elementor-element-6bc5fdd elementor-section-boxed elementor-section-height-default elementor-section-height-default\" data-id=\"6bc5fdd\" data-element_type=\"section\">\n\t\t\t\t\t\t<div class=\"elementor-container elementor-column-gap-default\">\n\t\t\t\t\t\t\t<div class=\"elementor-row\">\n\t\t\t\t\t<div class=\"elementor-column elementor-col-100 elementor-top-column elementor-element elementor-element-b7ff0ba\" data-id=\"b7ff0ba\" data-element_type=\"column\">\n\t\t\t<div class=\"elementor-column-wrap elementor-element-populated\">\n\t\t\t\t\t\t\t<div class=\"elementor-widget-wrap\">\n\t\t\t\t\t\t<div class=\"elementor-element elementor-element-5397b39 elementor-widget elementor-widget-text-editor\" data-id=\"5397b39\" data-element_type=\"widget\" data-settings=\"{&quot;ekit_we_effect_on&quot;:&quot;none&quot;}\" data-widget_type=\"text-editor.default\">\n\t\t\t\t<div class=\"elementor-widget-container\">\n\t\t\t\t\t\t\t\t<div class=\"elementor-text-editor elementor-clearfix\">\n\t\t\t\t<p><br \/><br \/><\/p><center><div id=\"visitors_widget-2\" class=\"widget widget_visitors_widget amr_widget\"><input type=\"hidden\" class=\"random_prefix_val\" value=\"8582\" \/><input type=\"hidden\" id=\"graph_info_8582\" value='[[\"\",\"\"],[\"\",192],[\"\",83],[\"\",146],[\"\",99]]' \/>\n\t\t\t<style>\n\t\t\t\t\t\t.widget_type_4.visitor_widget{\n\t\t\t\t\t\t\tbox-shadow: 0px 15px 40px 0 rgba(42, 64, 145, 0.35);\n\t\t\t\t\t\t}\n\t\t\t\t\t\t\n\t\t\t.widget_type_4{\n\t\t\t\tborder:1px solid #171717;\n\t\t\t\tborder-radius: 4px;\n\t\t\t\tmax-width:176px;\n\t\t\t\tbackground-color: transparent;\n\t\t\t\tposition:relative;\n\t\t\t\tfont-family: \"Exo 2\", sans-serif;\n\t\t\t}\n\t\t\t.widget_type_4 .type_4_row_1{\n\t\t \n\t\t\t\t\tfont-size: 11px;\n\t\t\t\t\tfont-weight: 600;\n\t\t\t\t\tfont-style: normal;\n\t\t\t\t\tfont-stretch: normal;\n\t\t\t\t\ttext-transform:uppercase;\n\t\t\t\t\tletter-spacing: 0.8px;\n\t\t\t\t\ttext-align: center;\n\t\t\t\t\tcolor: #b7c0cd;\n\t\t\t\t\tmargin-top:30px;\n\t\t\t\t\t \n\t\t\t}\n\t\t\t.widget_type_4 .type_4_row_2{\n\t\t \n\t\t\t\t\tfont-size: 32px;\n\t\t\t\t\tline-height: 32px;\n\t\t\t\t\t  font-weight: 300;\n\t\t\t\t\t  font-style: normal;\n\t\t\t\t\t  font-stretch: normal;\n\t\t\t\t\t \n\t\t\t\t\t  letter-spacing: normal;\n\t\t\t\t\t  text-align: center;\n\t\t\t\t\t  color: #f4f6fc;\n\t\t\t\t\t \n\t\t\t\t\tmargin-bottom: 30px;\n\t\t\t}\n\t\t\t.widget_type_4 .type_4_row_3{\n\t\t \n\t\t\t\t\tfont-size: 18px;\n\t\t\t\t\t  font-weight: 300;\n\t\t\t\t\t  font-style: normal;\n\t\t\t\t\t  font-stretch: normal;\n\t\t\t\t\t  line-height: normal;\n\t\t\t\t\t  letter-spacing: normal;\n\t\t\t\t\t  text-align: center;\n\t\t\t\t\t  color: #f4f6fc;\n\t\t\t\t\tmargin-top:5px;\n\t\t\t\t\tmargin-bottom: 0px;\n\t\t\t}\n\t\t\t.widget_type_4 .type_4_row_4{\n\t\t \n\t\t\t\t\tfont-size: 10px;\n\t\t\t\t\t  font-weight: 600;\n\t\t\t\t\t  font-style: normal;\n\t\t\t\t\t  font-stretch: normal;\n\t\t\t\t\t  text-transform: uppercase;\n\t\t\t\t\t  letter-spacing: 0.5px;\n\t\t\t\t\t  text-align: center;\n\t\t\t\t\t  color: #b7c0cd;\n\t\t\t\t\tmargin-top:0px;\n\t\t\t\t\tmargin-bottom: 30px;\n\t\t\t}\n\t\t\t.widget_type_4 .type_4_row_5{\n\t\t \n\t\t\t\t\tfont-size: 18px;\n\t\t\t\t\t  font-weight: 300;\n\t\t\t\t\t  font-style: normal;\n\t\t\t\t\t  font-stretch: normal;\n\t\t\t\t\t  line-height: normal;\n\t\t\t\t\t  letter-spacing: normal;\n\t\t\t\t\t  text-align: center;\n\t\t\t\t\t  color: #f4f6fc;\n\t\t\t\t\tmargin-top:5px;\n\t\t\t\t\tmargin-bottom: 0px;\n\t\t\t}\n\t\t\t.widget_type_4 .type_4_row_6{\n\t\t \n\t\t\t\t\t font-size: 10px;\n\t\t\t\t\t  font-weight: 600;\n\t\t\t\t\t  font-style: normal;\n\t\t\t\t\t  font-stretch: normal;\n\t\t\t\t\t  text-transform: uppercase;\n\t\t\t\t\t  letter-spacing: 0.5px;\n\t\t\t\t\t  text-align: center;\n\t\t\t\t\t  color: #b7c0cd;\n\t\t\t\t\tmargin-top:0px;\n\t\t\t\t\tmargin-bottom: 50px;\n\t\t\t}\n\t\t\t \n\t\t\t.widget_type_4 .bottom_branding{\n\t\t\t\tposition:absolute;\n\t\t\t\tbottom:0px;\n\t\t\t\tleft:0px;\n\t\t\t\tright:0px;\n\t\t\t\tpadding:5px;\n\t\t\t\ttext-align:center;\n\t\t\t}\n\t\t\t<\/style>\n\t\t\t<div class=\"visitor_widget widget_type_4\">\n\t\t\t\t<div class=\"type_4_row_1\">Total Visitors<\/div>\n\t\t\t\t<div class=\"type_4_row_2\">159421<\/div>\n\t\t\t\t<div class=\"type_4_row_3\">20<\/div>\n\t\t\t\t<div class=\"type_4_row_4\">Visitors Today<\/div>\n\t\t\t\t<div class=\"type_4_row_5\">13<\/div>\n\t\t\t\t<div class=\"type_4_row_6\"><div class=\"pulsing_overlap_small\"><div class=\"pulsating-circle\"><\/div><\/div>Live visitors<\/div>\n\t\t\t\t \n\t\t\t\t<div class=\"bottom_branding\">\n                    <a href=\"https:\/\/visitorplugin.com\/\">\n                        <img src=\"https:\/\/www.airfield-truckfest.de\/wp-content\/plugins\/wp-visitors-widget\/modules\/images\/logo-dark-copy-2.png\" width=\"80\" \/>\n                    <\/a>\n\t\t\t\t<\/div>\n\t\t\t<\/div>\n\t\t\t<\/div><\/center>\t\t\t\t\t<\/div>\n\t\t\t\t\t\t<\/div>\n\t\t\t\t<\/div>\n\t\t\t\t\t\t<\/div>\n\t\t\t\t\t<\/div>\n\t\t<\/div>\n\t\t\t\t\t\t\t\t<\/div>\n\t\t\t\t\t<\/div>\n\t\t<\/section>\n\t\t\t\t\t\t\t\t\t<\/div>\n\t\t\t<\/div>\n\t\t\t\t\t<\/div>\n\t\t","protected":false},"excerpt":{"rendered":"<p>Hallo Truckfans Liebe Truckfans, das Truckfest 2022 findet vom 12.08 &#8211; 14.08.22 statt. Bei Fragen nutzt bitte unser Kontaktformular. Bleibt gesund\u2026 Euer Orga Team Fr. 12.08.2022 &#8211; So 14.08.2022 00 Days : 00 Hours : 00 Minutes : 00 Seconds TICKETS BESTELLEN Das 2. Airfield Truckfest vom 12.08-14.08.2022 in Zweibr\u00fccken wird pr\u00e4sentiert mit freundlicher Unterst\u00fctzung [&hellip;]<\/p>\n","protected":false},"author":1,"featured_media":0,"parent":0,"menu_order":0,"comment_status":"closed","ping_status":"open","template":"","meta":{"_monsterinsights_skip_tracking":false,"_monsterinsights_sitenote_active":false,"_monsterinsights_sitenote_note":"","_monsterinsights_sitenote_category":0},"_links":{"self":[{"href":"https:\/\/www.airfield-truckfest.de\/index.php?rest_route=\/wp\/v2\/pages\/2"}],"collection":[{"href":"https:\/\/www.airfield-truckfest.de\/index.php?rest_route=\/wp\/v2\/pages"}],"about":[{"href":"https:\/\/www.airfield-truckfest.de\/index.php?rest_route=\/wp\/v2\/types\/page"}],"author":[{"embeddable":true,"href":"https:\/\/www.airfield-truckfest.de\/index.php?rest_route=\/wp\/v2\/users\/1"}],"replies":[{"embeddable":true,"href":"https:\/\/www.airfield-truckfest.de\/index.php?rest_route=%2Fwp%2Fv2%2Fcomments&post=2"}],"version-history":[{"count":73,"href":"https:\/\/www.airfield-truckfest.de\/index.php?rest_route=\/wp\/v2\/pages\/2\/revisions"}],"predecessor-version":[{"id":497,"href":"https:\/\/www.airfield-truckfest.de\/index.php?rest_route=\/wp\/v2\/pages\/2\/revisions\/497"}],"wp:attachment":[{"href":"https:\/\/www.airfield-truckfest.de\/index.php?rest_route=%2Fwp%2Fv2%2Fmedia&parent=2"}],"curies":[{"name":"wp","href":"https:\/\/api.w.org\/{rel}","templated":true}]}}